{"id":2207,"date":"2024-05-08T15:55:50","date_gmt":"2024-05-08T13:55:50","guid":{"rendered":"https:\/\/vinoheger.sk\/?post_type=product&#038;p=2207"},"modified":"2026-04-01T18:49:45","modified_gmt":"2026-04-01T16:49:45","slug":"rulandske-sede","status":"publish","type":"product","link":"https:\/\/vinoheger.sk\/?product=rulandske-sede","title":{"rendered":"Rulandsk\u00e9 \u0161ed\u00e9"},"content":{"rendered":"","protected":false},"excerpt":{"rendered":"<p>Polosuch\u00e9 v\u00edno plnej chuti s pr\u00edjemnou chlebovinkou zaujme svojou vyv\u00e1\u017eenou chu\u0165ou doplnenou o pr\u00ed\u0165a\u017eliv\u00fd aromatick\u00fd buket. Odpor\u00fa\u010da sa pod\u00e1va\u0165 vychladen\u00e9 na 6 &#8211; 8 stup\u0148ov.<\/p>\n","protected":false},"featured_media":2208,"comment_status":"closed","ping_status":"closed","template":"","meta":[],"product_brand":[],"product_cat":[8],"product_tag":[],"class_list":{"0":"post-2207","1":"product","2":"type-product","3":"status-publish","4":"has-post-thumbnail","6":"product_cat-stredoveke_receptury","8":"first","9":"instock","10":"taxable","11":"shipping-taxable","12":"purchasable","13":"product-type-simple"},"_links":{"self":[{"href":"https:\/\/vinoheger.sk\/index.php?rest_route=\/wp\/v2\/product\/2207","targetHints":{"allow":["GET"]}}],"collection":[{"href":"https:\/\/vinoheger.sk\/index.php?rest_route=\/wp\/v2\/product"}],"about":[{"href":"https:\/\/vinoheger.sk\/index.php?rest_route=\/wp\/v2\/types\/product"}],"replies":[{"embeddable":true,"href":"https:\/\/vinoheger.sk\/index.php?rest_route=%2Fwp%2Fv2%2Fcomments&post=2207"}],"wp:featuredmedia":[{"embeddable":true,"href":"https:\/\/vinoheger.sk\/index.php?rest_route=\/wp\/v2\/media\/2208"}],"wp:attachment":[{"href":"https:\/\/vinoheger.sk\/index.php?rest_route=%2Fwp%2Fv2%2Fmedia&parent=2207"}],"wp:term":[{"taxonomy":"product_brand","embeddable":true,"href":"https:\/\/vinoheger.sk\/index.php?rest_route=%2Fwp%2Fv2%2Fproduct_brand&post=2207"},{"taxonomy":"product_cat","embeddable":true,"href":"https:\/\/vinoheger.sk\/index.php?rest_route=%2Fwp%2Fv2%2Fproduct_cat&post=2207"},{"taxonomy":"product_tag","embeddable":true,"href":"https:\/\/vinoheger.sk\/index.php?rest_route=%2Fwp%2Fv2%2Fproduct_tag&post=2207"}],"curies":[{"name":"wp","href":"https:\/\/api.w.org\/{rel}","templated":true}]}}