{"id":2204,"date":"2024-05-08T15:51:59","date_gmt":"2024-05-08T13:51:59","guid":{"rendered":"https:\/\/vinoheger.sk\/?post_type=product&#038;p=2204"},"modified":"2026-03-18T16:53:46","modified_gmt":"2026-03-18T15:53:46","slug":"svatovavrinecke","status":"publish","type":"product","link":"https:\/\/vinoheger.sk\/?product=svatovavrinecke","title":{"rendered":"Sv\u00e4tovavrineck\u00e9 &#8211; ros\u00e9"},"content":{"rendered":"","protected":false},"excerpt":{"rendered":"<p>V\u00edno sa vyzna\u010duje vy\u0161\u0161ou farebnou intenzitou, vy\u0161\u0161ou hladinou kysel\u00edn a trieslov\u00edn. Chu\u0165 m\u00e1 pln\u00fa, v\u00fdrazn\u00fa a zamatov\u00fa. Vo v\u00f4ni pripom\u00edna su\u0161en\u00e9 slivky. Odpor\u00fa\u010da sa pod\u00e1va\u0165 pri teplote 12 &#8211; 15 stup\u0148ov.<\/p>\n","protected":false},"featured_media":2206,"comment_status":"closed","ping_status":"closed","template":"","meta":[],"product_brand":[],"product_cat":[8],"product_tag":[],"class_list":{"0":"post-2204","1":"product","2":"type-product","3":"status-publish","4":"has-post-thumbnail","6":"product_cat-stredoveke_receptury","8":"first","9":"instock","10":"taxable","11":"shipping-taxable","12":"purchasable","13":"product-type-simple"},"_links":{"self":[{"href":"https:\/\/vinoheger.sk\/index.php?rest_route=\/wp\/v2\/product\/2204","targetHints":{"allow":["GET"]}}],"collection":[{"href":"https:\/\/vinoheger.sk\/index.php?rest_route=\/wp\/v2\/product"}],"about":[{"href":"https:\/\/vinoheger.sk\/index.php?rest_route=\/wp\/v2\/types\/product"}],"replies":[{"embeddable":true,"href":"https:\/\/vinoheger.sk\/index.php?rest_route=%2Fwp%2Fv2%2Fcomments&post=2204"}],"wp:featuredmedia":[{"embeddable":true,"href":"https:\/\/vinoheger.sk\/index.php?rest_route=\/wp\/v2\/media\/2206"}],"wp:attachment":[{"href":"https:\/\/vinoheger.sk\/index.php?rest_route=%2Fwp%2Fv2%2Fmedia&parent=2204"}],"wp:term":[{"taxonomy":"product_brand","embeddable":true,"href":"https:\/\/vinoheger.sk\/index.php?rest_route=%2Fwp%2Fv2%2Fproduct_brand&post=2204"},{"taxonomy":"product_cat","embeddable":true,"href":"https:\/\/vinoheger.sk\/index.php?rest_route=%2Fwp%2Fv2%2Fproduct_cat&post=2204"},{"taxonomy":"product_tag","embeddable":true,"href":"https:\/\/vinoheger.sk\/index.php?rest_route=%2Fwp%2Fv2%2Fproduct_tag&post=2204"}],"curies":[{"name":"wp","href":"https:\/\/api.w.org\/{rel}","templated":true}]}}