{"id":2184,"date":"2024-05-07T21:37:29","date_gmt":"2024-05-07T19:37:29","guid":{"rendered":"https:\/\/vinoheger.sk\/?post_type=product&#038;p=2184"},"modified":"2026-03-31T20:39:38","modified_gmt":"2026-03-31T18:39:38","slug":"rizling-rynsky-2","status":"publish","type":"product","link":"https:\/\/vinoheger.sk\/?product=rizling-rynsky-2","title":{"rendered":"Rizling r\u00fdnsky"},"content":{"rendered":"","protected":false},"excerpt":{"rendered":"<p>Polosuch\u00e9 v\u00edno, ktor\u00e9 m\u00e1 v\u00fdrazn\u00fa ar\u00f3mu s t\u00f3nmi zelen\u00e9ho jablka, marh\u00fa\u013e, brosk\u00fd\u0148, doplnen\u00e9 v\u00f4\u0148ou lipov\u00e9ho kvetu. Chu\u0165 je pln\u00e1 a extrakt\u00edvna. V\u00edno m\u00e1 svie\u017eu kyselinku. Odpor\u00fa\u010da sa pod\u00e1va\u0165 vychladen\u00e9 na 6-8 stup\u0148ov.<\/p>\n","protected":false},"featured_media":2196,"comment_status":"closed","ping_status":"closed","template":"","meta":[],"product_brand":[],"product_cat":[8],"product_tag":[],"class_list":{"0":"post-2184","1":"product","2":"type-product","3":"status-publish","4":"has-post-thumbnail","6":"product_cat-stredoveke_receptury","8":"first","9":"instock","10":"taxable","11":"shipping-taxable","12":"purchasable","13":"product-type-simple"},"_links":{"self":[{"href":"https:\/\/vinoheger.sk\/index.php?rest_route=\/wp\/v2\/product\/2184","targetHints":{"allow":["GET"]}}],"collection":[{"href":"https:\/\/vinoheger.sk\/index.php?rest_route=\/wp\/v2\/product"}],"about":[{"href":"https:\/\/vinoheger.sk\/index.php?rest_route=\/wp\/v2\/types\/product"}],"replies":[{"embeddable":true,"href":"https:\/\/vinoheger.sk\/index.php?rest_route=%2Fwp%2Fv2%2Fcomments&post=2184"}],"wp:featuredmedia":[{"embeddable":true,"href":"https:\/\/vinoheger.sk\/index.php?rest_route=\/wp\/v2\/media\/2196"}],"wp:attachment":[{"href":"https:\/\/vinoheger.sk\/index.php?rest_route=%2Fwp%2Fv2%2Fmedia&parent=2184"}],"wp:term":[{"taxonomy":"product_brand","embeddable":true,"href":"https:\/\/vinoheger.sk\/index.php?rest_route=%2Fwp%2Fv2%2Fproduct_brand&post=2184"},{"taxonomy":"product_cat","embeddable":true,"href":"https:\/\/vinoheger.sk\/index.php?rest_route=%2Fwp%2Fv2%2Fproduct_cat&post=2184"},{"taxonomy":"product_tag","embeddable":true,"href":"https:\/\/vinoheger.sk\/index.php?rest_route=%2Fwp%2Fv2%2Fproduct_tag&post=2184"}],"curies":[{"name":"wp","href":"https:\/\/api.w.org\/{rel}","templated":true}]}}