{"id":986,"date":"2020-10-08T20:27:48","date_gmt":"2020-10-08T18:27:48","guid":{"rendered":"https:\/\/vinoheger.sk\/?page_id=986"},"modified":"2024-06-26T17:49:11","modified_gmt":"2024-06-26T15:49:11","slug":"ponukame","status":"publish","type":"page","link":"https:\/\/vinoheger.sk\/?page_id=986","title":{"rendered":"Pon\u00fakame"},"content":{"rendered":"\n<div class=\"wp-block-columns is-layout-flex wp-container-core-columns-is-layout-9d6595d7 wp-block-columns-is-layout-flex\">\n<div class=\"wp-block-column is-layout-flow wp-block-column-is-layout-flow\"><div class=\"wp-block-image is-style-rounded\">\n<figure class=\"aligncenter size-full is-resized\"><img loading=\"lazy\" decoding=\"async\" src=\"https:\/\/vinoheger.sk\/wp-content\/uploads\/2021\/12\/1608878129901-1-1024x769-1.jpg\" alt=\"\" class=\"wp-image-1881\" width=\"256\" height=\"120\" srcset=\"https:\/\/vinoheger.sk\/wp-content\/uploads\/2021\/12\/1608878129901-1-1024x769-1.jpg 1024w, https:\/\/vinoheger.sk\/wp-content\/uploads\/2021\/12\/1608878129901-1-1024x769-1-300x141.jpg 300w, https:\/\/vinoheger.sk\/wp-content\/uploads\/2021\/12\/1608878129901-1-1024x769-1-768x362.jpg 768w, https:\/\/vinoheger.sk\/wp-content\/uploads\/2021\/12\/1608878129901-1-1024x769-1-600x282.jpg 600w\" sizes=\"auto, (max-width: 256px) 100vw, 256px\" \/><\/figure>\n<\/div>\n\n\n<p class=\"has-text-align-center\"><a href=\"https:\/\/vinoheger.sk\/?page_id=1012\">Ochutn\u00e1vka v\u00edn v na\u0161ich pivniciach<\/a><\/p>\n<\/div>\n\n\n\n<div class=\"wp-block-column is-layout-flow wp-block-column-is-layout-flow\"><div class=\"wp-block-image is-style-rounded\">\n<figure class=\"aligncenter size-full\"><img loading=\"lazy\" decoding=\"async\" width=\"950\" height=\"438\" src=\"https:\/\/vinoheger.sk\/wp-content\/uploads\/2021\/12\/118285114_739263056861476_2485882366780499672_n.jpg\" alt=\"\" class=\"wp-image-1882\" srcset=\"https:\/\/vinoheger.sk\/wp-content\/uploads\/2021\/12\/118285114_739263056861476_2485882366780499672_n.jpg 950w, https:\/\/vinoheger.sk\/wp-content\/uploads\/2021\/12\/118285114_739263056861476_2485882366780499672_n-300x138.jpg 300w, https:\/\/vinoheger.sk\/wp-content\/uploads\/2021\/12\/118285114_739263056861476_2485882366780499672_n-768x354.jpg 768w, https:\/\/vinoheger.sk\/wp-content\/uploads\/2021\/12\/118285114_739263056861476_2485882366780499672_n-600x277.jpg 600w\" sizes=\"auto, (max-width: 950px) 100vw, 950px\" \/><\/figure>\n<\/div>\n\n\n<p class=\"has-text-align-center\"><a href=\"https:\/\/vinoheger.sk\/?page_id=65\">Stredovek\u00e1 vinot\u00e9ka<\/a><\/p>\n<\/div>\n\n\n\n<div class=\"wp-block-column is-layout-flow wp-block-column-is-layout-flow\"><div class=\"wp-block-image is-style-rounded\">\n<figure class=\"aligncenter is-resized\"><img loading=\"lazy\" decoding=\"async\" src=\"https:\/\/vinoheger.sk\/wp-content\/uploads\/2020\/10\/Bez-n\u00e1dsadzvu-2-kopie-2-1024x403.jpg\" alt=\"\" class=\"wp-image-1025\" width=\"271\" height=\"106\" srcset=\"https:\/\/vinoheger.sk\/wp-content\/uploads\/2020\/10\/Bez-n\u00e1dsadzvu-2-kopie-2-1024x403.jpg 1024w, https:\/\/vinoheger.sk\/wp-content\/uploads\/2020\/10\/Bez-n\u00e1dsadzvu-2-kopie-2-300x118.jpg 300w, https:\/\/vinoheger.sk\/wp-content\/uploads\/2020\/10\/Bez-n\u00e1dsadzvu-2-kopie-2-768x302.jpg 768w, https:\/\/vinoheger.sk\/wp-content\/uploads\/2020\/10\/Bez-n\u00e1dsadzvu-2-kopie-2-600x236.jpg 600w, https:\/\/vinoheger.sk\/wp-content\/uploads\/2020\/10\/Bez-n\u00e1dsadzvu-2-kopie-2.jpg 1900w\" sizes=\"auto, (max-width: 271px) 100vw, 271px\" \/><\/figure>\n<\/div>\n\n\n<p class=\"has-text-align-center\"><a rel=\"noreferrer noopener\" href=\"https:\/\/www.nesvadyubytovanie.sk\/\" target=\"_blank\">Ubytovanie vin\u00e1rsky dom Nesvady<\/a><\/p>\n<\/div>\n<\/div>\n","protected":false},"excerpt":{"rendered":"<p>Ochutn\u00e1vka v\u00edn v na\u0161ich pivniciach Stredovek\u00e1 vinot\u00e9ka Ubytovanie vin\u00e1rsky dom Nesvady<\/p>\n","protected":false},"author":1,"featured_media":0,"parent":0,"menu_order":0,"comment_status":"closed","ping_status":"closed","template":"","meta":{"footnotes":""},"class_list":["post-986","page","type-page","status-publish","hentry"],"_links":{"self":[{"href":"https:\/\/vinoheger.sk\/index.php?rest_route=\/wp\/v2\/pages\/986","targetHints":{"allow":["GET"]}}],"collection":[{"href":"https:\/\/vinoheger.sk\/index.php?rest_route=\/wp\/v2\/pages"}],"about":[{"href":"https:\/\/vinoheger.sk\/index.php?rest_route=\/wp\/v2\/types\/page"}],"author":[{"embeddable":true,"href":"https:\/\/vinoheger.sk\/index.php?rest_route=\/wp\/v2\/users\/1"}],"replies":[{"embeddable":true,"href":"https:\/\/vinoheger.sk\/index.php?rest_route=%2Fwp%2Fv2%2Fcomments&post=986"}],"version-history":[{"count":5,"href":"https:\/\/vinoheger.sk\/index.php?rest_route=\/wp\/v2\/pages\/986\/revisions"}],"predecessor-version":[{"id":2238,"href":"https:\/\/vinoheger.sk\/index.php?rest_route=\/wp\/v2\/pages\/986\/revisions\/2238"}],"wp:attachment":[{"href":"https:\/\/vinoheger.sk\/index.php?rest_route=%2Fwp%2Fv2%2Fmedia&parent=986"}],"curies":[{"name":"wp","href":"https:\/\/api.w.org\/{rel}","templated":true}]}}