{"id":65,"date":"2017-02-25T16:09:27","date_gmt":"2017-02-25T15:09:27","guid":{"rendered":"http:\/\/vinoheger.sk\/?page_id=65"},"modified":"2026-03-22T08:02:50","modified_gmt":"2026-03-22T07:02:50","slug":"stredoveke-receptury","status":"publish","type":"page","link":"https:\/\/vinoheger.sk\/?page_id=65","title":{"rendered":"Dobov\u00e1 vinot\u00e9ka"},"content":{"rendered":"\n<figure class=\"wp-block-image size-full is-style-rounded\"><img loading=\"lazy\" decoding=\"async\" width=\"950\" height=\"438\" src=\"https:\/\/vinoheger.sk\/wp-content\/uploads\/2021\/12\/118285114_739263056861476_2485882366780499672_n.jpg\" alt=\"\" class=\"wp-image-1882\" srcset=\"https:\/\/vinoheger.sk\/wp-content\/uploads\/2021\/12\/118285114_739263056861476_2485882366780499672_n.jpg 950w, https:\/\/vinoheger.sk\/wp-content\/uploads\/2021\/12\/118285114_739263056861476_2485882366780499672_n-300x138.jpg 300w, https:\/\/vinoheger.sk\/wp-content\/uploads\/2021\/12\/118285114_739263056861476_2485882366780499672_n-768x354.jpg 768w, https:\/\/vinoheger.sk\/wp-content\/uploads\/2021\/12\/118285114_739263056861476_2485882366780499672_n-600x277.jpg 600w\" sizes=\"auto, (max-width: 950px) 100vw, 950px\" \/><\/figure>\n\n\n\n<p>V na\u0161ej dobovej vinot\u00e9ke si m\u00f4\u017eete nielen nak\u00fapi\u0165, alebo ochutna\u0165 na\u0161e produkty, ale aj posedie\u0165 za stredovek\u00fdm stolom, dozvedie\u0165 sa o stredovekom vinohradn\u00edctve, \u010di pokocha\u0165 sa kr\u00e1snym stredovek\u00fdm vybaven\u00edm . <\/p>\n\n\n\n<h2 class=\"wp-block-heading\">Kde n\u00e1s najbli\u017e\u0161ie m\u00f4\u017eete stretn\u00fa\u0165<\/h2>\n\n\n\n<p>3.-6. Apr\u00edl, Stredovek\u00e9 Ve\u013ekono\u010dn\u00e9 trhy. N\u00e1dvorie Bratislavsk\u00e9ho hradu<\/p>\n\n\n\n<p><\/p>\n\n\n\n<figure class=\"wp-block-gallery has-nested-images columns-4 is-cropped wp-block-gallery-1 is-layout-flex wp-block-gallery-is-layout-flex\">\n<figure class=\"wp-block-image size-large\"><img loading=\"lazy\" decoding=\"async\" width=\"768\" height=\"1024\" data-id=\"1644\" src=\"https:\/\/vinoheger.sk\/wp-content\/uploads\/2021\/03\/IMG_20200801_094740-768x1024.jpg\" alt=\"\" class=\"wp-image-1644\" srcset=\"https:\/\/vinoheger.sk\/wp-content\/uploads\/2021\/03\/IMG_20200801_094740-768x1024.jpg 768w, https:\/\/vinoheger.sk\/wp-content\/uploads\/2021\/03\/IMG_20200801_094740-225x300.jpg 225w, https:\/\/vinoheger.sk\/wp-content\/uploads\/2021\/03\/IMG_20200801_094740-1152x1536.jpg 1152w, https:\/\/vinoheger.sk\/wp-content\/uploads\/2021\/03\/IMG_20200801_094740-1536x2048.jpg 1536w, https:\/\/vinoheger.sk\/wp-content\/uploads\/2021\/03\/IMG_20200801_094740-600x800.jpg 600w, https:\/\/vinoheger.sk\/wp-content\/uploads\/2021\/03\/IMG_20200801_094740-scaled.jpg 1920w\" sizes=\"auto, (max-width: 768px) 100vw, 768px\" \/><\/figure>\n\n\n\n<figure class=\"wp-block-image size-large\"><img loading=\"lazy\" decoding=\"async\" width=\"681\" height=\"1024\" data-id=\"1517\" src=\"https:\/\/vinoheger.sk\/wp-content\/uploads\/2021\/01\/AK_rodinne_vinarstvo_2017-32-681x1024.jpg\" alt=\"\" class=\"wp-image-1517\" srcset=\"https:\/\/vinoheger.sk\/wp-content\/uploads\/2021\/01\/AK_rodinne_vinarstvo_2017-32-681x1024.jpg 681w, https:\/\/vinoheger.sk\/wp-content\/uploads\/2021\/01\/AK_rodinne_vinarstvo_2017-32-199x300.jpg 199w, https:\/\/vinoheger.sk\/wp-content\/uploads\/2021\/01\/AK_rodinne_vinarstvo_2017-32-768x1155.jpg 768w, https:\/\/vinoheger.sk\/wp-content\/uploads\/2021\/01\/AK_rodinne_vinarstvo_2017-32-1021x1536.jpg 1021w, https:\/\/vinoheger.sk\/wp-content\/uploads\/2021\/01\/AK_rodinne_vinarstvo_2017-32-1362x2048.jpg 1362w, https:\/\/vinoheger.sk\/wp-content\/uploads\/2021\/01\/AK_rodinne_vinarstvo_2017-32-600x902.jpg 600w, https:\/\/vinoheger.sk\/wp-content\/uploads\/2021\/01\/AK_rodinne_vinarstvo_2017-32-scaled.jpg 1702w\" sizes=\"auto, (max-width: 681px) 100vw, 681px\" \/><\/figure>\n\n\n\n<figure class=\"wp-block-image size-large\"><img loading=\"lazy\" decoding=\"async\" width=\"1024\" height=\"681\" data-id=\"1511\" src=\"https:\/\/vinoheger.sk\/wp-content\/uploads\/2021\/01\/AK_rodinne_vinarstvo_2017-26-1024x681.jpg\" alt=\"\" class=\"wp-image-1511\" srcset=\"https:\/\/vinoheger.sk\/wp-content\/uploads\/2021\/01\/AK_rodinne_vinarstvo_2017-26-1024x681.jpg 1024w, https:\/\/vinoheger.sk\/wp-content\/uploads\/2021\/01\/AK_rodinne_vinarstvo_2017-26-300x199.jpg 300w, https:\/\/vinoheger.sk\/wp-content\/uploads\/2021\/01\/AK_rodinne_vinarstvo_2017-26-768x511.jpg 768w, https:\/\/vinoheger.sk\/wp-content\/uploads\/2021\/01\/AK_rodinne_vinarstvo_2017-26-1536x1021.jpg 1536w, https:\/\/vinoheger.sk\/wp-content\/uploads\/2021\/01\/AK_rodinne_vinarstvo_2017-26-2048x1362.jpg 2048w, https:\/\/vinoheger.sk\/wp-content\/uploads\/2021\/01\/AK_rodinne_vinarstvo_2017-26-600x399.jpg 600w\" sizes=\"auto, (max-width: 1024px) 100vw, 1024px\" \/><\/figure>\n\n\n\n<figure class=\"wp-block-image size-large\"><img loading=\"lazy\" decoding=\"async\" width=\"681\" height=\"1024\" data-id=\"1381\" src=\"https:\/\/vinoheger.sk\/wp-content\/uploads\/2021\/01\/AK_rodinne_vinarstvo_2017-29-1-681x1024-2.jpg\" alt=\"\" class=\"wp-image-1381\" srcset=\"https:\/\/vinoheger.sk\/wp-content\/uploads\/2021\/01\/AK_rodinne_vinarstvo_2017-29-1-681x1024-2.jpg 681w, https:\/\/vinoheger.sk\/wp-content\/uploads\/2021\/01\/AK_rodinne_vinarstvo_2017-29-1-681x1024-2-200x301.jpg 200w, https:\/\/vinoheger.sk\/wp-content\/uploads\/2021\/01\/AK_rodinne_vinarstvo_2017-29-1-681x1024-2-100x150.jpg 100w, https:\/\/vinoheger.sk\/wp-content\/uploads\/2021\/01\/AK_rodinne_vinarstvo_2017-29-1-681x1024-2-150x226.jpg 150w, https:\/\/vinoheger.sk\/wp-content\/uploads\/2021\/01\/AK_rodinne_vinarstvo_2017-29-1-681x1024-2-300x451.jpg 300w, https:\/\/vinoheger.sk\/wp-content\/uploads\/2021\/01\/AK_rodinne_vinarstvo_2017-29-1-681x1024-2-450x677.jpg 450w, https:\/\/vinoheger.sk\/wp-content\/uploads\/2021\/01\/AK_rodinne_vinarstvo_2017-29-1-681x1024-2-600x902.jpg 600w\" sizes=\"auto, (max-width: 681px) 100vw, 681px\" \/><\/figure>\n<\/figure>\n","protected":false},"excerpt":{"rendered":"<p>V na\u0161ej dobovej vinot\u00e9ke si m\u00f4\u017eete nielen nak\u00fapi\u0165, alebo ochutna\u0165 na\u0161e produkty, ale aj posedie\u0165 za stredovek\u00fdm stolom, dozvedie\u0165 sa o stredovekom vinohradn\u00edctve, \u010di pokocha\u0165 sa kr\u00e1snym stredovek\u00fdm vybaven\u00edm . Kde n\u00e1s najbli\u017e\u0161ie m\u00f4\u017eete stretn\u00fa\u0165 3.-6. Apr\u00edl, Stredovek\u00e9 Ve\u013ekono\u010dn\u00e9 trhy. N\u00e1dvorie Bratislavsk\u00e9ho hradu<\/p>\n","protected":false},"author":1,"featured_media":0,"parent":0,"menu_order":0,"comment_status":"closed","ping_status":"closed","template":"","meta":{"footnotes":""},"class_list":["post-65","page","type-page","status-publish","hentry"],"_links":{"self":[{"href":"https:\/\/vinoheger.sk\/index.php?rest_route=\/wp\/v2\/pages\/65","targetHints":{"allow":["GET"]}}],"collection":[{"href":"https:\/\/vinoheger.sk\/index.php?rest_route=\/wp\/v2\/pages"}],"about":[{"href":"https:\/\/vinoheger.sk\/index.php?rest_route=\/wp\/v2\/types\/page"}],"author":[{"embeddable":true,"href":"https:\/\/vinoheger.sk\/index.php?rest_route=\/wp\/v2\/users\/1"}],"replies":[{"embeddable":true,"href":"https:\/\/vinoheger.sk\/index.php?rest_route=%2Fwp%2Fv2%2Fcomments&post=65"}],"version-history":[{"count":5,"href":"https:\/\/vinoheger.sk\/index.php?rest_route=\/wp\/v2\/pages\/65\/revisions"}],"predecessor-version":[{"id":2514,"href":"https:\/\/vinoheger.sk\/index.php?rest_route=\/wp\/v2\/pages\/65\/revisions\/2514"}],"wp:attachment":[{"href":"https:\/\/vinoheger.sk\/index.php?rest_route=%2Fwp%2Fv2%2Fmedia&parent=65"}],"curies":[{"name":"wp","href":"https:\/\/api.w.org\/{rel}","templated":true}]}}