{"id":2363,"date":"2025-07-22T12:57:49","date_gmt":"2025-07-22T10:57:49","guid":{"rendered":"https:\/\/vinoheger.sk\/?page_id=2363"},"modified":"2025-08-28T08:49:21","modified_gmt":"2025-08-28T06:49:21","slug":"newsletter","status":"publish","type":"page","link":"https:\/\/vinoheger.sk\/?page_id=2363","title":{"rendered":"Newsletter"},"content":{"rendered":"<p data-start=\"105\" data-end=\"157\"><strong data-start=\"105\" data-end=\"155\">Sta\u0148te sa s\u00fa\u010das\u0165ou n\u00e1\u0161ho vin\u00e1rskeho pr\u00edbehu \ud83c\udf77<\/strong><\/p>\n<p data-start=\"159\" data-end=\"221\">Prihl\u00e1ste sa na odber n\u00e1\u0161ho newslettra a nenechajte si ujs\u0165:<\/p>\n<ul data-start=\"222\" data-end=\"388\">\n<li data-start=\"222\" data-end=\"278\">\n<p data-start=\"224\" data-end=\"278\">pravideln\u00e9 novinky a zauj\u00edmavosti z n\u00e1\u0161ho vin\u00e1rstva,<\/p>\n<\/li>\n<li data-start=\"279\" data-end=\"333\">\n<p data-start=\"281\" data-end=\"333\">inform\u00e1cie o podujatiach, kde n\u00e1s m\u00f4\u017eete stretn\u00fa\u0165,<\/p>\n<\/li>\n<li data-start=\"334\" data-end=\"388\">\n<p data-start=\"336\" data-end=\"388\">exkluz\u00edvne z\u013eavov\u00e9 k\u00f3dy pre n\u00e1kup v na\u0161om e-shope.<\/p>\n<\/li>\n<\/ul>\n<p data-start=\"390\" data-end=\"466\">Doprajte si prv\u00fd d\u00fa\u0161ok noviniek sk\u00f4r ne\u017e ostatn\u00ed \u2013 prihl\u00e1ste sa e\u0161te dnes!<\/p>\n<div class=\"tnp tnp-subscription \">\n<form method=\"post\" action=\"https:\/\/vinoheger.sk\/wp-admin\/admin-ajax.php?action=tnp&amp;na=s\">\n<input type=\"hidden\" name=\"nlang\" value=\"\">\n<div class=\"tnp-field tnp-field-firstname\"><label for=\"tnp-1\">Krstn\u00e9 meno<\/label>\n<input class=\"tnp-name\" type=\"text\" name=\"nn\" id=\"tnp-1\" value=\"\" placeholder=\"\"><\/div>\n<div class=\"tnp-field tnp-field-email\"><label for=\"tnp-2\">Email<\/label>\n<input class=\"tnp-email\" type=\"email\" name=\"ne\" id=\"tnp-2\" value=\"\" placeholder=\"\" required><\/div>\n<div class=\"tnp-field tnp-privacy-field\"><label><input type=\"checkbox\" name=\"ny\" required class=\"tnp-privacy\"> I accept the privacy policy<\/label><\/div><div class=\"tnp-field tnp-field-button\" style=\"text-align: left\"><input class=\"tnp-submit\" type=\"submit\" value=\"Odobera\u0165\" style=\"\">\n<\/div>\n<\/form>\n<\/div>\n\n\n\n<p><\/p>\n","protected":false},"excerpt":{"rendered":"<p>Sta\u0148te sa s\u00fa\u010das\u0165ou n\u00e1\u0161ho vin\u00e1rskeho pr\u00edbehu \ud83c\udf77 Prihl\u00e1ste sa na odber n\u00e1\u0161ho newslettra a nenechajte si ujs\u0165: pravideln\u00e9 novinky a zauj\u00edmavosti z n\u00e1\u0161ho vin\u00e1rstva, inform\u00e1cie o podujatiach, kde n\u00e1s m\u00f4\u017eete stretn\u00fa\u0165, exkluz\u00edvne z\u013eavov\u00e9 k\u00f3dy pre n\u00e1kup v na\u0161om e-shope. Doprajte si prv\u00fd d\u00fa\u0161ok noviniek sk\u00f4r ne\u017e ostatn\u00ed \u2013 prihl\u00e1ste sa e\u0161te dnes!<\/p>\n","protected":false},"author":1,"featured_media":0,"parent":0,"menu_order":0,"comment_status":"closed","ping_status":"closed","template":"","meta":{"footnotes":""},"class_list":["post-2363","page","type-page","status-publish","hentry"],"_links":{"self":[{"href":"https:\/\/vinoheger.sk\/index.php?rest_route=\/wp\/v2\/pages\/2363","targetHints":{"allow":["GET"]}}],"collection":[{"href":"https:\/\/vinoheger.sk\/index.php?rest_route=\/wp\/v2\/pages"}],"about":[{"href":"https:\/\/vinoheger.sk\/index.php?rest_route=\/wp\/v2\/types\/page"}],"author":[{"embeddable":true,"href":"https:\/\/vinoheger.sk\/index.php?rest_route=\/wp\/v2\/users\/1"}],"replies":[{"embeddable":true,"href":"https:\/\/vinoheger.sk\/index.php?rest_route=%2Fwp%2Fv2%2Fcomments&post=2363"}],"version-history":[{"count":1,"href":"https:\/\/vinoheger.sk\/index.php?rest_route=\/wp\/v2\/pages\/2363\/revisions"}],"predecessor-version":[{"id":2376,"href":"https:\/\/vinoheger.sk\/index.php?rest_route=\/wp\/v2\/pages\/2363\/revisions\/2376"}],"wp:attachment":[{"href":"https:\/\/vinoheger.sk\/index.php?rest_route=%2Fwp%2Fv2%2Fmedia&parent=2363"}],"curies":[{"name":"wp","href":"https:\/\/api.w.org\/{rel}","templated":true}]}}