{"id":2084,"date":"2023-02-27T12:06:54","date_gmt":"2023-02-27T11:06:54","guid":{"rendered":"https:\/\/vinoheger.sk\/?page_id=2084"},"modified":"2023-03-04T19:11:25","modified_gmt":"2023-03-04T18:11:25","slug":"galeria-2","status":"publish","type":"page","link":"https:\/\/vinoheger.sk\/?page_id=2084","title":{"rendered":"Gal\u00e9ria"},"content":{"rendered":"\n<div class=\"wp-block-columns is-layout-flex wp-container-core-columns-is-layout-9d6595d7 wp-block-columns-is-layout-flex\">\n<div class=\"wp-block-column is-layout-flow wp-block-column-is-layout-flow\">\n<h2 class=\"wp-block-heading\"><a href=\"https:\/\/vinoheger.sk\/?page_id=489\">Fotky vin\u00e1rstva<\/a><\/h2>\n\n\n\n<figure class=\"wp-block-gallery has-nested-images columns-default is-cropped wp-block-gallery-1 is-layout-flex wp-block-gallery-is-layout-flex\">\n<figure class=\"wp-block-image size-large\"><a href=\"https:\/\/vinoheger.sk\/?page_id=489\"><img loading=\"lazy\" decoding=\"async\" width=\"681\" height=\"1024\" data-id=\"1521\" src=\"https:\/\/vinoheger.sk\/wp-content\/uploads\/2021\/01\/AK_rodinne_vinarstvo_2017-36-681x1024.jpg\" alt=\"\" class=\"wp-image-1521\" srcset=\"https:\/\/vinoheger.sk\/wp-content\/uploads\/2021\/01\/AK_rodinne_vinarstvo_2017-36-681x1024.jpg 681w, https:\/\/vinoheger.sk\/wp-content\/uploads\/2021\/01\/AK_rodinne_vinarstvo_2017-36-199x300.jpg 199w, https:\/\/vinoheger.sk\/wp-content\/uploads\/2021\/01\/AK_rodinne_vinarstvo_2017-36-768x1155.jpg 768w, https:\/\/vinoheger.sk\/wp-content\/uploads\/2021\/01\/AK_rodinne_vinarstvo_2017-36-1021x1536.jpg 1021w, https:\/\/vinoheger.sk\/wp-content\/uploads\/2021\/01\/AK_rodinne_vinarstvo_2017-36-1362x2048.jpg 1362w, https:\/\/vinoheger.sk\/wp-content\/uploads\/2021\/01\/AK_rodinne_vinarstvo_2017-36-600x902.jpg 600w, https:\/\/vinoheger.sk\/wp-content\/uploads\/2021\/01\/AK_rodinne_vinarstvo_2017-36-scaled.jpg 1702w\" sizes=\"auto, (max-width: 681px) 100vw, 681px\" \/><\/a><\/figure>\n<\/figure>\n<\/div>\n\n\n\n<div class=\"wp-block-column is-layout-flow wp-block-column-is-layout-flow\">\n<h2 class=\"wp-block-heading\"><a href=\"https:\/\/vinoheger.sk\/?page_id=2059\">V\u00edno spojen\u00e9 s umen\u00edm<\/a><\/h2>\n\n\n\n<figure class=\"wp-block-image size-large\"><a href=\"https:\/\/vinoheger.sk\/?page_id=2059\"><img loading=\"lazy\" decoding=\"async\" width=\"683\" height=\"1024\" src=\"https:\/\/vinoheger.sk\/wp-content\/uploads\/2023\/02\/DSCF7922-2-683x1024.jpg\" alt=\"\" class=\"wp-image-2080\" srcset=\"https:\/\/vinoheger.sk\/wp-content\/uploads\/2023\/02\/DSCF7922-2-683x1024.jpg 683w, https:\/\/vinoheger.sk\/wp-content\/uploads\/2023\/02\/DSCF7922-2-200x300.jpg 200w, https:\/\/vinoheger.sk\/wp-content\/uploads\/2023\/02\/DSCF7922-2-768x1152.jpg 768w, https:\/\/vinoheger.sk\/wp-content\/uploads\/2023\/02\/DSCF7922-2-1024x1536.jpg 1024w, https:\/\/vinoheger.sk\/wp-content\/uploads\/2023\/02\/DSCF7922-2-1365x2048.jpg 1365w, https:\/\/vinoheger.sk\/wp-content\/uploads\/2023\/02\/DSCF7922-2-600x900.jpg 600w, https:\/\/vinoheger.sk\/wp-content\/uploads\/2023\/02\/DSCF7922-2-scaled.jpg 1707w\" sizes=\"auto, (max-width: 683px) 100vw, 683px\" \/><\/a><\/figure>\n<\/div>\n<\/div>\n","protected":false},"excerpt":{"rendered":"<p>Fotky vin\u00e1rstva V\u00edno spojen\u00e9 s umen\u00edm<\/p>\n","protected":false},"author":1,"featured_media":0,"parent":0,"menu_order":0,"comment_status":"closed","ping_status":"closed","template":"","meta":{"footnotes":""},"class_list":["post-2084","page","type-page","status-publish","hentry"],"_links":{"self":[{"href":"https:\/\/vinoheger.sk\/index.php?rest_route=\/wp\/v2\/pages\/2084","targetHints":{"allow":["GET"]}}],"collection":[{"href":"https:\/\/vinoheger.sk\/index.php?rest_route=\/wp\/v2\/pages"}],"about":[{"href":"https:\/\/vinoheger.sk\/index.php?rest_route=\/wp\/v2\/types\/page"}],"author":[{"embeddable":true,"href":"https:\/\/vinoheger.sk\/index.php?rest_route=\/wp\/v2\/users\/1"}],"replies":[{"embeddable":true,"href":"https:\/\/vinoheger.sk\/index.php?rest_route=%2Fwp%2Fv2%2Fcomments&post=2084"}],"version-history":[{"count":3,"href":"https:\/\/vinoheger.sk\/index.php?rest_route=\/wp\/v2\/pages\/2084\/revisions"}],"predecessor-version":[{"id":2095,"href":"https:\/\/vinoheger.sk\/index.php?rest_route=\/wp\/v2\/pages\/2084\/revisions\/2095"}],"wp:attachment":[{"href":"https:\/\/vinoheger.sk\/index.php?rest_route=%2Fwp%2Fv2%2Fmedia&parent=2084"}],"curies":[{"name":"wp","href":"https:\/\/api.w.org\/{rel}","templated":true}]}}