{"id":187,"date":"2017-05-08T13:24:00","date_gmt":"2017-05-08T11:24:00","guid":{"rendered":"http:\/\/vinoheger.sk\/?page_id=187"},"modified":"2024-06-26T09:07:38","modified_gmt":"2024-06-26T07:07:38","slug":"kontakt","status":"publish","type":"page","link":"https:\/\/vinoheger.sk\/?page_id=187","title":{"rendered":"Kontakt"},"content":{"rendered":"<h1>Rodinn\u00e9 vin\u00e1rstvo Heger<\/h1>\n<p>Heger s.r.o.<\/p>\n<p>Do\u013eany 398, 900 88 Do\u013eany<br \/>\nI\u010cO: 53 646 894<br \/>\nDI\u010c: 2121477281<br \/>\nSK25 1100 0000 0029 4710 1778<\/p>\n<h2>email<\/h2>\n<p>vinoheger@vinoheger.sk<\/p>\n<h2><strong>mobil\u00a0<\/strong><\/h2>\n<p>Vladim\u00edr Heger +421 917 272 930<\/p>\n<p>Nikola Heger Schwammelov\u00e1 +421 902 390 270<\/p>\n<p>Marek Heger\u00a0 +421 905 369 832<\/p>\n<p><iframe loading=\"lazy\" src=\"https:\/\/www.google.com\/maps\/d\/embed?mid=1IEec3rJeFOYTL09ZEOS8pFYocngpKOu9\" width=\"640\" height=\"480\"><\/iframe><\/p>\n","protected":false},"excerpt":{"rendered":"<p>Rodinn\u00e9 vin\u00e1rstvo Heger Heger s.r.o. Do\u013eany 398, 900 88 Do\u013eany I\u010cO: 53 646 894 DI\u010c: 2121477281 SK25 1100 0000 0029 4710 1778 email vinoheger@vinoheger.sk mobil\u00a0 Vladim\u00edr Heger +421 917 272 930 Nikola Heger Schwammelov\u00e1 +421 902 390 270 Marek Heger\u00a0 +421 905 369 832<\/p>\n","protected":false},"author":1,"featured_media":0,"parent":0,"menu_order":0,"comment_status":"closed","ping_status":"closed","template":"","meta":{"footnotes":""},"class_list":["post-187","page","type-page","status-publish","hentry"],"_links":{"self":[{"href":"https:\/\/vinoheger.sk\/index.php?rest_route=\/wp\/v2\/pages\/187","targetHints":{"allow":["GET"]}}],"collection":[{"href":"https:\/\/vinoheger.sk\/index.php?rest_route=\/wp\/v2\/pages"}],"about":[{"href":"https:\/\/vinoheger.sk\/index.php?rest_route=\/wp\/v2\/types\/page"}],"author":[{"embeddable":true,"href":"https:\/\/vinoheger.sk\/index.php?rest_route=\/wp\/v2\/users\/1"}],"replies":[{"embeddable":true,"href":"https:\/\/vinoheger.sk\/index.php?rest_route=%2Fwp%2Fv2%2Fcomments&post=187"}],"version-history":[{"count":6,"href":"https:\/\/vinoheger.sk\/index.php?rest_route=\/wp\/v2\/pages\/187\/revisions"}],"predecessor-version":[{"id":2221,"href":"https:\/\/vinoheger.sk\/index.php?rest_route=\/wp\/v2\/pages\/187\/revisions\/2221"}],"wp:attachment":[{"href":"https:\/\/vinoheger.sk\/index.php?rest_route=%2Fwp%2Fv2%2Fmedia&parent=187"}],"curies":[{"name":"wp","href":"https:\/\/api.w.org\/{rel}","templated":true}]}}