{"id":1012,"date":"2020-10-08T23:12:48","date_gmt":"2020-10-08T21:12:48","guid":{"rendered":"https:\/\/vinoheger.sk\/?page_id=1012"},"modified":"2024-06-26T17:38:09","modified_gmt":"2024-06-26T15:38:09","slug":"degustacia-vin-v-nasej-pivnici","status":"publish","type":"page","link":"https:\/\/vinoheger.sk\/?page_id=1012","title":{"rendered":"Ochutn\u00e1vka v\u00edn v na\u0161ich pivniciach"},"content":{"rendered":"\n<h2 class=\"wp-block-heading has-text-align-center\"><\/h2>\n\n\n\n<figure class=\"wp-block-image size-full is-style-rounded\"><img loading=\"lazy\" decoding=\"async\" width=\"1024\" height=\"482\" src=\"https:\/\/vinoheger.sk\/wp-content\/uploads\/2021\/12\/1608878129901-1-1024x769-1.jpg\" alt=\"\" class=\"wp-image-1881\" srcset=\"https:\/\/vinoheger.sk\/wp-content\/uploads\/2021\/12\/1608878129901-1-1024x769-1.jpg 1024w, https:\/\/vinoheger.sk\/wp-content\/uploads\/2021\/12\/1608878129901-1-1024x769-1-300x141.jpg 300w, https:\/\/vinoheger.sk\/wp-content\/uploads\/2021\/12\/1608878129901-1-1024x769-1-768x362.jpg 768w, https:\/\/vinoheger.sk\/wp-content\/uploads\/2021\/12\/1608878129901-1-1024x769-1-600x282.jpg 600w\" sizes=\"auto, (max-width: 1024px) 100vw, 1024px\" \/><\/figure>\n\n\n\n<p>Ak sa neviete rozhodn\u00fa\u0165, ktor\u00e9 z na\u0161ich v\u00edn ochutna\u0165, alebo pl\u00e1nujete svadbu a chceli by ste ma\u0165 na stole na\u0161e v\u00edna, pr\u00edpadne chcete vzia\u0165 priate\u013eov na v\u00fdlet do Malokarpatskej vinohradn\u00edckej oblasti a schladi\u0165 sa po\u010das letn\u00fdch dn\u00ed v chladnej pivnici, nev\u00e1hajte a nav\u0161t\u00edvte na\u0161u pivnicu. R\u00e1di V\u00e1s pohost\u00edme a prevedieme V\u00e1s na\u0161im portf\u00f3liom v\u00edn. V na\u0161ej pivnici budete ma\u0165 mo\u017enos\u0165 ochutna\u0165 aj \u0161peci\u00e1lne v\u00edna, ktor\u00e9 be\u017ene nem\u00e1me v ponuke v na\u0161om internetovom obchode. Degusta\u010dn\u00e1 miestnos\u0165 s kapacitou 20 os\u00f4b, je tie\u017e s\u00fa\u010das\u0165ou na\u0161ej pivnice. Ak m\u00e1te z\u00e1ujem o degust\u00e1ciu alebo chcete rezervova\u0165 miestnos\u0165, nev\u00e1hajte n\u00e1s kontaktova\u0165. Te\u0161\u00edme sa na Va\u0161u n\u00e1v\u0161tevu a d\u00fafame, \u017ee sa V\u00e1m bud\u00fa p\u00e1\u010di\u0165 na\u0161e v\u00edna.<\/p>\n\n\n\n<figure class=\"wp-block-gallery has-nested-images columns-4 is-cropped wp-block-gallery-1 is-layout-flex wp-block-gallery-is-layout-flex\">\n<figure class=\"wp-block-image size-large\"><img loading=\"lazy\" decoding=\"async\" width=\"1024\" height=\"681\" data-id=\"1490\" src=\"https:\/\/vinoheger.sk\/wp-content\/uploads\/2021\/01\/AK_rodinne_vinarstvo_2017-5-1024x681.jpg\" alt=\"\" class=\"wp-image-1490\" srcset=\"https:\/\/vinoheger.sk\/wp-content\/uploads\/2021\/01\/AK_rodinne_vinarstvo_2017-5-1024x681.jpg 1024w, https:\/\/vinoheger.sk\/wp-content\/uploads\/2021\/01\/AK_rodinne_vinarstvo_2017-5-300x199.jpg 300w, https:\/\/vinoheger.sk\/wp-content\/uploads\/2021\/01\/AK_rodinne_vinarstvo_2017-5-768x511.jpg 768w, https:\/\/vinoheger.sk\/wp-content\/uploads\/2021\/01\/AK_rodinne_vinarstvo_2017-5-1536x1021.jpg 1536w, https:\/\/vinoheger.sk\/wp-content\/uploads\/2021\/01\/AK_rodinne_vinarstvo_2017-5-2048x1362.jpg 2048w, https:\/\/vinoheger.sk\/wp-content\/uploads\/2021\/01\/AK_rodinne_vinarstvo_2017-5-600x399.jpg 600w\" sizes=\"auto, (max-width: 1024px) 100vw, 1024px\" \/><\/figure>\n\n\n\n<figure class=\"wp-block-image size-large\"><img loading=\"lazy\" decoding=\"async\" width=\"1024\" height=\"681\" data-id=\"1488\" src=\"https:\/\/vinoheger.sk\/wp-content\/uploads\/2021\/01\/AK_rodinne_vinarstvo_2017-4-1024x681.jpg\" alt=\"\" class=\"wp-image-1488\" srcset=\"https:\/\/vinoheger.sk\/wp-content\/uploads\/2021\/01\/AK_rodinne_vinarstvo_2017-4-1024x681.jpg 1024w, https:\/\/vinoheger.sk\/wp-content\/uploads\/2021\/01\/AK_rodinne_vinarstvo_2017-4-300x199.jpg 300w, https:\/\/vinoheger.sk\/wp-content\/uploads\/2021\/01\/AK_rodinne_vinarstvo_2017-4-768x511.jpg 768w, https:\/\/vinoheger.sk\/wp-content\/uploads\/2021\/01\/AK_rodinne_vinarstvo_2017-4-1536x1021.jpg 1536w, https:\/\/vinoheger.sk\/wp-content\/uploads\/2021\/01\/AK_rodinne_vinarstvo_2017-4-2048x1362.jpg 2048w, https:\/\/vinoheger.sk\/wp-content\/uploads\/2021\/01\/AK_rodinne_vinarstvo_2017-4-600x399.jpg 600w\" sizes=\"auto, (max-width: 1024px) 100vw, 1024px\" \/><\/figure>\n\n\n\n<figure class=\"wp-block-image size-large\"><img loading=\"lazy\" decoding=\"async\" width=\"681\" height=\"1024\" data-id=\"1485\" src=\"https:\/\/vinoheger.sk\/wp-content\/uploads\/2021\/01\/AK_rodinne_vinarstvo_2017-2-681x1024.jpg\" alt=\"\" class=\"wp-image-1485\" srcset=\"https:\/\/vinoheger.sk\/wp-content\/uploads\/2021\/01\/AK_rodinne_vinarstvo_2017-2-681x1024.jpg 681w, https:\/\/vinoheger.sk\/wp-content\/uploads\/2021\/01\/AK_rodinne_vinarstvo_2017-2-200x300.jpg 200w, https:\/\/vinoheger.sk\/wp-content\/uploads\/2021\/01\/AK_rodinne_vinarstvo_2017-2-768x1155.jpg 768w, https:\/\/vinoheger.sk\/wp-content\/uploads\/2021\/01\/AK_rodinne_vinarstvo_2017-2-1021x1536.jpg 1021w, https:\/\/vinoheger.sk\/wp-content\/uploads\/2021\/01\/AK_rodinne_vinarstvo_2017-2-1362x2048.jpg 1362w, https:\/\/vinoheger.sk\/wp-content\/uploads\/2021\/01\/AK_rodinne_vinarstvo_2017-2-600x902.jpg 600w, https:\/\/vinoheger.sk\/wp-content\/uploads\/2021\/01\/AK_rodinne_vinarstvo_2017-2-scaled.jpg 1702w\" sizes=\"auto, (max-width: 681px) 100vw, 681px\" \/><\/figure>\n\n\n\n<figure class=\"wp-block-image size-large\"><img loading=\"lazy\" decoding=\"async\" width=\"768\" height=\"1024\" data-id=\"1354\" src=\"https:\/\/vinoheger.sk\/wp-content\/uploads\/2021\/01\/1608877852104-e1608906351112-768x1024-2.jpg\" alt=\"\" class=\"wp-image-1354\" srcset=\"https:\/\/vinoheger.sk\/wp-content\/uploads\/2021\/01\/1608877852104-e1608906351112-768x1024-2.jpg 768w, https:\/\/vinoheger.sk\/wp-content\/uploads\/2021\/01\/1608877852104-e1608906351112-768x1024-2-225x300.jpg 225w, https:\/\/vinoheger.sk\/wp-content\/uploads\/2021\/01\/1608877852104-e1608906351112-768x1024-2-100x133.jpg 100w, https:\/\/vinoheger.sk\/wp-content\/uploads\/2021\/01\/1608877852104-e1608906351112-768x1024-2-150x200.jpg 150w, https:\/\/vinoheger.sk\/wp-content\/uploads\/2021\/01\/1608877852104-e1608906351112-768x1024-2-200x267.jpg 200w, https:\/\/vinoheger.sk\/wp-content\/uploads\/2021\/01\/1608877852104-e1608906351112-768x1024-2-300x400.jpg 300w, https:\/\/vinoheger.sk\/wp-content\/uploads\/2021\/01\/1608877852104-e1608906351112-768x1024-2-450x600.jpg 450w, https:\/\/vinoheger.sk\/wp-content\/uploads\/2021\/01\/1608877852104-e1608906351112-768x1024-2-600x800.jpg 600w\" sizes=\"auto, (max-width: 768px) 100vw, 768px\" \/><\/figure>\n\n\n\n<figure class=\"wp-block-image size-large\"><img loading=\"lazy\" decoding=\"async\" width=\"769\" height=\"1024\" data-id=\"1352\" src=\"https:\/\/vinoheger.sk\/wp-content\/uploads\/2021\/01\/1608878053770-e1608906311211-769x1024-2.jpg\" alt=\"\" class=\"wp-image-1352\" srcset=\"https:\/\/vinoheger.sk\/wp-content\/uploads\/2021\/01\/1608878053770-e1608906311211-769x1024-2.jpg 769w, https:\/\/vinoheger.sk\/wp-content\/uploads\/2021\/01\/1608878053770-e1608906311211-769x1024-2-225x300.jpg 225w, https:\/\/vinoheger.sk\/wp-content\/uploads\/2021\/01\/1608878053770-e1608906311211-769x1024-2-100x133.jpg 100w, https:\/\/vinoheger.sk\/wp-content\/uploads\/2021\/01\/1608878053770-e1608906311211-769x1024-2-150x200.jpg 150w, https:\/\/vinoheger.sk\/wp-content\/uploads\/2021\/01\/1608878053770-e1608906311211-769x1024-2-200x266.jpg 200w, https:\/\/vinoheger.sk\/wp-content\/uploads\/2021\/01\/1608878053770-e1608906311211-769x1024-2-300x399.jpg 300w, https:\/\/vinoheger.sk\/wp-content\/uploads\/2021\/01\/1608878053770-e1608906311211-769x1024-2-450x599.jpg 450w, https:\/\/vinoheger.sk\/wp-content\/uploads\/2021\/01\/1608878053770-e1608906311211-769x1024-2-600x799.jpg 600w\" sizes=\"auto, (max-width: 769px) 100vw, 769px\" \/><\/figure>\n\n\n\n<figure class=\"wp-block-image size-large\"><img loading=\"lazy\" decoding=\"async\" width=\"769\" height=\"1024\" data-id=\"1347\" src=\"https:\/\/vinoheger.sk\/wp-content\/uploads\/2021\/01\/1608877852100-e1608906111168-769x1024-1.jpg\" alt=\"\" class=\"wp-image-1347\" srcset=\"https:\/\/vinoheger.sk\/wp-content\/uploads\/2021\/01\/1608877852100-e1608906111168-769x1024-1.jpg 769w, https:\/\/vinoheger.sk\/wp-content\/uploads\/2021\/01\/1608877852100-e1608906111168-769x1024-1-225x300.jpg 225w, https:\/\/vinoheger.sk\/wp-content\/uploads\/2021\/01\/1608877852100-e1608906111168-769x1024-1-100x133.jpg 100w, https:\/\/vinoheger.sk\/wp-content\/uploads\/2021\/01\/1608877852100-e1608906111168-769x1024-1-150x200.jpg 150w, https:\/\/vinoheger.sk\/wp-content\/uploads\/2021\/01\/1608877852100-e1608906111168-769x1024-1-200x266.jpg 200w, https:\/\/vinoheger.sk\/wp-content\/uploads\/2021\/01\/1608877852100-e1608906111168-769x1024-1-300x399.jpg 300w, https:\/\/vinoheger.sk\/wp-content\/uploads\/2021\/01\/1608877852100-e1608906111168-769x1024-1-450x599.jpg 450w, https:\/\/vinoheger.sk\/wp-content\/uploads\/2021\/01\/1608877852100-e1608906111168-769x1024-1-600x799.jpg 600w\" sizes=\"auto, (max-width: 769px) 100vw, 769px\" \/><\/figure>\n\n\n\n<figure class=\"wp-block-image size-large\"><img loading=\"lazy\" decoding=\"async\" width=\"769\" height=\"1024\" data-id=\"1355\" src=\"https:\/\/vinoheger.sk\/wp-content\/uploads\/2021\/01\/1608877852115-e1608906338257-769x1024-1.jpg\" alt=\"\" class=\"wp-image-1355\" srcset=\"https:\/\/vinoheger.sk\/wp-content\/uploads\/2021\/01\/1608877852115-e1608906338257-769x1024-1.jpg 769w, https:\/\/vinoheger.sk\/wp-content\/uploads\/2021\/01\/1608877852115-e1608906338257-769x1024-1-225x300.jpg 225w, https:\/\/vinoheger.sk\/wp-content\/uploads\/2021\/01\/1608877852115-e1608906338257-769x1024-1-100x133.jpg 100w, https:\/\/vinoheger.sk\/wp-content\/uploads\/2021\/01\/1608877852115-e1608906338257-769x1024-1-150x200.jpg 150w, https:\/\/vinoheger.sk\/wp-content\/uploads\/2021\/01\/1608877852115-e1608906338257-769x1024-1-200x266.jpg 200w, https:\/\/vinoheger.sk\/wp-content\/uploads\/2021\/01\/1608877852115-e1608906338257-769x1024-1-300x399.jpg 300w, https:\/\/vinoheger.sk\/wp-content\/uploads\/2021\/01\/1608877852115-e1608906338257-769x1024-1-450x599.jpg 450w, https:\/\/vinoheger.sk\/wp-content\/uploads\/2021\/01\/1608877852115-e1608906338257-769x1024-1-600x799.jpg 600w\" sizes=\"auto, (max-width: 769px) 100vw, 769px\" \/><\/figure>\n\n\n\n<figure class=\"wp-block-image size-large\"><img loading=\"lazy\" decoding=\"async\" width=\"1024\" height=\"769\" data-id=\"1132\" src=\"https:\/\/vinoheger.sk\/wp-content\/uploads\/2020\/12\/1608878129895-1024x769.jpg\" alt=\"\" class=\"wp-image-1132\" srcset=\"https:\/\/vinoheger.sk\/wp-content\/uploads\/2020\/12\/1608878129895-1024x769.jpg 1024w, https:\/\/vinoheger.sk\/wp-content\/uploads\/2020\/12\/1608878129895-300x225.jpg 300w, https:\/\/vinoheger.sk\/wp-content\/uploads\/2020\/12\/1608878129895-768x577.jpg 768w, https:\/\/vinoheger.sk\/wp-content\/uploads\/2020\/12\/1608878129895-600x451.jpg 600w\" sizes=\"auto, (max-width: 1024px) 100vw, 1024px\" \/><\/figure>\n<\/figure>\n\n\n\n<p class=\"has-text-align-center\"><strong>Rezervujte si term\u00edn na n\u00e1v\u0161tevu na\u0161ej pivnice<\/strong><\/p>\n\n\n\n<p>Tu pripravujeme rezerva\u010dn\u00fd formul\u00e1r, zatia\u013e nieje v prev\u00e1dzke.V pr\u00edpade z\u00e1ujmu o n\u00e1v\u0161tevu na\u0161ej pivnice n\u00e1s nev\u00e1hajte kontaktova\u0165, vinoheger@vinoheger.sk alebo telefonicky <strong>Marek Hege<\/strong>r 0905 369 832<\/p>\n","protected":false},"excerpt":{"rendered":"<p>Ak sa neviete rozhodn\u00fa\u0165, ktor\u00e9 z na\u0161ich v\u00edn ochutna\u0165, alebo pl\u00e1nujete svadbu a chceli by ste ma\u0165 na stole na\u0161e v\u00edna, pr\u00edpadne chcete vzia\u0165 priate\u013eov na v\u00fdlet do Malokarpatskej vinohradn\u00edckej oblasti a schladi\u0165 sa po\u010das letn\u00fdch dn\u00ed v chladnej pivnici, nev\u00e1hajte a nav\u0161t\u00edvte na\u0161u pivnicu. R\u00e1di V\u00e1s pohost\u00edme a prevedieme V\u00e1s na\u0161im portf\u00f3liom v\u00edn. V &hellip; <\/p>\n<p class=\"link-more\"><a href=\"https:\/\/vinoheger.sk\/?page_id=1012\" class=\"more-link\">Read the full post &rarr;<span class=\"screen-reader-text\">&#8222;Ochutn\u00e1vka v\u00edn v na\u0161ich pivniciach&#8220;<\/span><\/a><\/p>\n","protected":false},"author":1,"featured_media":0,"parent":0,"menu_order":0,"comment_status":"closed","ping_status":"closed","template":"","meta":{"footnotes":""},"class_list":["post-1012","page","type-page","status-publish","hentry"],"_links":{"self":[{"href":"https:\/\/vinoheger.sk\/index.php?rest_route=\/wp\/v2\/pages\/1012","targetHints":{"allow":["GET"]}}],"collection":[{"href":"https:\/\/vinoheger.sk\/index.php?rest_route=\/wp\/v2\/pages"}],"about":[{"href":"https:\/\/vinoheger.sk\/index.php?rest_route=\/wp\/v2\/types\/page"}],"author":[{"embeddable":true,"href":"https:\/\/vinoheger.sk\/index.php?rest_route=\/wp\/v2\/users\/1"}],"replies":[{"embeddable":true,"href":"https:\/\/vinoheger.sk\/index.php?rest_route=%2Fwp%2Fv2%2Fcomments&post=1012"}],"version-history":[{"count":7,"href":"https:\/\/vinoheger.sk\/index.php?rest_route=\/wp\/v2\/pages\/1012\/revisions"}],"predecessor-version":[{"id":2228,"href":"https:\/\/vinoheger.sk\/index.php?rest_route=\/wp\/v2\/pages\/1012\/revisions\/2228"}],"wp:attachment":[{"href":"https:\/\/vinoheger.sk\/index.php?rest_route=%2Fwp%2Fv2%2Fmedia&parent=1012"}],"curies":[{"name":"wp","href":"https:\/\/api.w.org\/{rel}","templated":true}]}}